{"id":3771,"date":"2026-03-27T04:10:15","date_gmt":"2026-03-27T03:10:15","guid":{"rendered":"https:\/\/unitedinaction.eu\/?page_id=3771"},"modified":"2026-04-01T22:32:48","modified_gmt":"2026-04-01T20:32:48","slug":"current-opportunities","status":"publish","type":"page","link":"https:\/\/unitedinaction.eu\/pl\/current-opportunities\/","title":{"rendered":"Aktualne mo\u017cliwo\u015bci"},"content":{"rendered":"<p>Aktualnie prowadzimy nab\u00f3r do projektu wolontariatu United In Action, realizowanego w okresie od 1 stycznia 2025 r. do 31 grudnia 2026 r. Projekt daje mo\u017cliwo\u015b\u0107 zaanga\u017cowania si\u0119 w dzia\u0142ania spo\u0142eczne, edukacyjne oraz mi\u0119dzykulturowe w mi\u0119dzynarodowym \u015brodowisku.<\/p>\n\n\n\n<p>To doskona\u0142a okazja, aby zdoby\u0107 nowe do\u015bwiadczenia, rozwin\u0105\u0107 kompetencje i aktywnie dzia\u0142a\u0107 na rzecz spo\u0142eczno\u015bci, jednocze\u015bnie poznaj\u0105c ludzi z r\u00f3\u017cnych kraj\u00f3w i kultur.<\/p>\n\n\n\n<p>Aby zg\u0142osi\u0107 si\u0119 do projektu, nale\u017cy aplikowa\u0107 poprzez oficjalny system European Solidarity Corps dost\u0119pny na European Youth Portal.<\/p>\n\n\n\n<p>\ud83d\udc49 <a href=\"https:\/\/youth.europa.eu\/solidarity\/opportunity\/47315_pl\">Link do aplikacji<\/a><\/p>\n\n\n\n<p>Zach\u0119camy do aplikowania osoby zmotywowane, otwarte na nowe do\u015bwiadczenia i gotowe na zaanga\u017cowanie w dzia\u0142ania projektowe. Nab\u00f3r prowadzony jest na bie\u017c\u0105co, dlatego warto zg\u0142osi\u0107 si\u0119 jak najszybciej!<\/p>\n\n\n\n<hr class=\"wp-block-separator has-alpha-channel-opacity is-style-wide\"\/>\n\n\n\n<figure class=\"wp-block-image size-large\"><img loading=\"lazy\" decoding=\"async\" width=\"1024\" height=\"97\" src=\"https:\/\/unitedinaction.eu\/wp-content\/uploads\/2026\/03\/belka-EKS-1024x97.png\" alt=\"\" class=\"wp-image-3545\" srcset=\"https:\/\/unitedinaction.eu\/wp-content\/uploads\/2026\/03\/belka-EKS-1024x97.png 1024w, https:\/\/unitedinaction.eu\/wp-content\/uploads\/2026\/03\/belka-EKS-300x28.png 300w, https:\/\/unitedinaction.eu\/wp-content\/uploads\/2026\/03\/belka-EKS-768x73.png 768w, https:\/\/unitedinaction.eu\/wp-content\/uploads\/2026\/03\/belka-EKS-1536x146.png 1536w, https:\/\/unitedinaction.eu\/wp-content\/uploads\/2026\/03\/belka-EKS-18x2.png 18w, https:\/\/unitedinaction.eu\/wp-content\/uploads\/2026\/03\/belka-EKS.png 1979w\" sizes=\"auto, (max-width: 1024px) 100vw, 1024px\" \/><\/figure>","protected":false},"excerpt":{"rendered":"<p>We are currently recruiting volunteers for the United In Action project, which will run from January 1, 2025, to December 31, 2026. The project offers the opportunity to get involved in social, educational, and intercultural activities in an international setting. It\u2019s a great opportunity to gain new experiences, develop your skills, and actively contribute to [&hellip;]<\/p>\n","protected":false},"author":1,"featured_media":0,"parent":0,"menu_order":0,"comment_status":"closed","ping_status":"closed","template":"","meta":{"footnotes":""},"class_list":["post-3771","page","type-page","status-publish","hentry"],"blocksy_meta":[],"yoast_head":"<!-- This site is optimized with the Yoast SEO plugin v27.3 - https:\/\/yoast.com\/product\/yoast-seo-wordpress\/ -->\n<title>Current Opportunities - UNITED IN ACTION<\/title>\n<meta name=\"robots\" content=\"index, follow, max-snippet:-1, max-image-preview:large, max-video-preview:-1\" \/>\n<link rel=\"canonical\" href=\"https:\/\/unitedinaction.eu\/pl\/current-opportunities\/\" \/>\n<meta property=\"og:locale\" content=\"pl_PL\" \/>\n<meta property=\"og:type\" content=\"article\" \/>\n<meta property=\"og:title\" content=\"Current Opportunities - UNITED IN ACTION\" \/>\n<meta property=\"og:description\" content=\"We are currently recruiting volunteers for the United In Action project, which will run from January 1, 2025, to December 31, 2026. The project offers the opportunity to get involved in social, educational, and intercultural activities in an international setting. It\u2019s a great opportunity to gain new experiences, develop your skills, and actively contribute to [&hellip;]\" \/>\n<meta property=\"og:url\" content=\"https:\/\/unitedinaction.eu\/pl\/current-opportunities\/\" \/>\n<meta property=\"og:site_name\" content=\"UNITED IN ACTION\" \/>\n<meta property=\"article:modified_time\" content=\"2026-04-01T20:32:48+00:00\" \/>\n<meta property=\"og:image\" content=\"https:\/\/unitedinaction.eu\/wp-content\/uploads\/2026\/03\/belka-EKS.png\" \/>\n\t<meta property=\"og:image:width\" content=\"1979\" \/>\n\t<meta property=\"og:image:height\" content=\"188\" \/>\n\t<meta property=\"og:image:type\" content=\"image\/png\" \/>\n<meta name=\"twitter:card\" content=\"summary_large_image\" \/>\n<script type=\"application\/ld+json\" class=\"yoast-schema-graph\">{\"@context\":\"https:\\\/\\\/schema.org\",\"@graph\":[{\"@type\":\"WebPage\",\"@id\":\"https:\\\/\\\/unitedinaction.eu\\\/current-opportunities\\\/\",\"url\":\"https:\\\/\\\/unitedinaction.eu\\\/current-opportunities\\\/\",\"name\":\"Current Opportunities - UNITED IN ACTION\",\"isPartOf\":{\"@id\":\"https:\\\/\\\/unitedinaction.eu\\\/#website\"},\"primaryImageOfPage\":{\"@id\":\"https:\\\/\\\/unitedinaction.eu\\\/current-opportunities\\\/#primaryimage\"},\"image\":{\"@id\":\"https:\\\/\\\/unitedinaction.eu\\\/current-opportunities\\\/#primaryimage\"},\"thumbnailUrl\":\"https:\\\/\\\/unitedinaction.eu\\\/wp-content\\\/uploads\\\/2026\\\/03\\\/belka-EKS-1024x97.png\",\"datePublished\":\"2026-03-27T03:10:15+00:00\",\"dateModified\":\"2026-04-01T20:32:48+00:00\",\"breadcrumb\":{\"@id\":\"https:\\\/\\\/unitedinaction.eu\\\/current-opportunities\\\/#breadcrumb\"},\"inLanguage\":\"pl-PL\",\"potentialAction\":[{\"@type\":\"ReadAction\",\"target\":[\"https:\\\/\\\/unitedinaction.eu\\\/current-opportunities\\\/\"]}]},{\"@type\":\"ImageObject\",\"inLanguage\":\"pl-PL\",\"@id\":\"https:\\\/\\\/unitedinaction.eu\\\/current-opportunities\\\/#primaryimage\",\"url\":\"https:\\\/\\\/unitedinaction.eu\\\/wp-content\\\/uploads\\\/2026\\\/03\\\/belka-EKS-1024x97.png\",\"contentUrl\":\"https:\\\/\\\/unitedinaction.eu\\\/wp-content\\\/uploads\\\/2026\\\/03\\\/belka-EKS-1024x97.png\"},{\"@type\":\"BreadcrumbList\",\"@id\":\"https:\\\/\\\/unitedinaction.eu\\\/current-opportunities\\\/#breadcrumb\",\"itemListElement\":[{\"@type\":\"ListItem\",\"position\":1,\"name\":\"Strona g\u0142\u00f3wna\",\"item\":\"https:\\\/\\\/unitedinaction.eu\\\/\"},{\"@type\":\"ListItem\",\"position\":2,\"name\":\"Current Opportunities\"}]},{\"@type\":\"WebSite\",\"@id\":\"https:\\\/\\\/unitedinaction.eu\\\/#website\",\"url\":\"https:\\\/\\\/unitedinaction.eu\\\/\",\"name\":\"UNITED IN ACTION\",\"description\":\"\",\"publisher\":{\"@id\":\"https:\\\/\\\/unitedinaction.eu\\\/#organization\"},\"potentialAction\":[{\"@type\":\"SearchAction\",\"target\":{\"@type\":\"EntryPoint\",\"urlTemplate\":\"https:\\\/\\\/unitedinaction.eu\\\/?s={search_term_string}\"},\"query-input\":{\"@type\":\"PropertyValueSpecification\",\"valueRequired\":true,\"valueName\":\"search_term_string\"}}],\"inLanguage\":\"pl-PL\"},{\"@type\":\"Organization\",\"@id\":\"https:\\\/\\\/unitedinaction.eu\\\/#organization\",\"name\":\"UNITED IN ACTION\",\"url\":\"https:\\\/\\\/unitedinaction.eu\\\/\",\"logo\":{\"@type\":\"ImageObject\",\"inLanguage\":\"pl-PL\",\"@id\":\"https:\\\/\\\/unitedinaction.eu\\\/#\\\/schema\\\/logo\\\/image\\\/\",\"url\":\"https:\\\/\\\/unitedinaction.eu\\\/wp-content\\\/uploads\\\/2026\\\/01\\\/LogoUnitedInAction.png\",\"contentUrl\":\"https:\\\/\\\/unitedinaction.eu\\\/wp-content\\\/uploads\\\/2026\\\/01\\\/LogoUnitedInAction.png\",\"width\":2000,\"height\":800,\"caption\":\"UNITED IN ACTION\"},\"image\":{\"@id\":\"https:\\\/\\\/unitedinaction.eu\\\/#\\\/schema\\\/logo\\\/image\\\/\"}}]}<\/script>\n<!-- \/ Yoast SEO plugin. -->","yoast_head_json":{"title":"Current Opportunities - UNITED IN ACTION","robots":{"index":"index","follow":"follow","max-snippet":"max-snippet:-1","max-image-preview":"max-image-preview:large","max-video-preview":"max-video-preview:-1"},"canonical":"https:\/\/unitedinaction.eu\/pl\/current-opportunities\/","og_locale":"pl_PL","og_type":"article","og_title":"Current Opportunities - UNITED IN ACTION","og_description":"We are currently recruiting volunteers for the United In Action project, which will run from January 1, 2025, to December 31, 2026. The project offers the opportunity to get involved in social, educational, and intercultural activities in an international setting. It\u2019s a great opportunity to gain new experiences, develop your skills, and actively contribute to [&hellip;]","og_url":"https:\/\/unitedinaction.eu\/pl\/current-opportunities\/","og_site_name":"UNITED IN ACTION","article_modified_time":"2026-04-01T20:32:48+00:00","og_image":[{"width":1979,"height":188,"url":"https:\/\/unitedinaction.eu\/wp-content\/uploads\/2026\/03\/belka-EKS.png","type":"image\/png"}],"twitter_card":"summary_large_image","schema":{"@context":"https:\/\/schema.org","@graph":[{"@type":"WebPage","@id":"https:\/\/unitedinaction.eu\/current-opportunities\/","url":"https:\/\/unitedinaction.eu\/current-opportunities\/","name":"Current Opportunities - UNITED IN ACTION","isPartOf":{"@id":"https:\/\/unitedinaction.eu\/#website"},"primaryImageOfPage":{"@id":"https:\/\/unitedinaction.eu\/current-opportunities\/#primaryimage"},"image":{"@id":"https:\/\/unitedinaction.eu\/current-opportunities\/#primaryimage"},"thumbnailUrl":"https:\/\/unitedinaction.eu\/wp-content\/uploads\/2026\/03\/belka-EKS-1024x97.png","datePublished":"2026-03-27T03:10:15+00:00","dateModified":"2026-04-01T20:32:48+00:00","breadcrumb":{"@id":"https:\/\/unitedinaction.eu\/current-opportunities\/#breadcrumb"},"inLanguage":"pl-PL","potentialAction":[{"@type":"ReadAction","target":["https:\/\/unitedinaction.eu\/current-opportunities\/"]}]},{"@type":"ImageObject","inLanguage":"pl-PL","@id":"https:\/\/unitedinaction.eu\/current-opportunities\/#primaryimage","url":"https:\/\/unitedinaction.eu\/wp-content\/uploads\/2026\/03\/belka-EKS-1024x97.png","contentUrl":"https:\/\/unitedinaction.eu\/wp-content\/uploads\/2026\/03\/belka-EKS-1024x97.png"},{"@type":"BreadcrumbList","@id":"https:\/\/unitedinaction.eu\/current-opportunities\/#breadcrumb","itemListElement":[{"@type":"ListItem","position":1,"name":"Strona g\u0142\u00f3wna","item":"https:\/\/unitedinaction.eu\/"},{"@type":"ListItem","position":2,"name":"Current Opportunities"}]},{"@type":"WebSite","@id":"https:\/\/unitedinaction.eu\/#website","url":"https:\/\/unitedinaction.eu\/","name":"UNITED IN ACTION","description":"","publisher":{"@id":"https:\/\/unitedinaction.eu\/#organization"},"potentialAction":[{"@type":"SearchAction","target":{"@type":"EntryPoint","urlTemplate":"https:\/\/unitedinaction.eu\/?s={search_term_string}"},"query-input":{"@type":"PropertyValueSpecification","valueRequired":true,"valueName":"search_term_string"}}],"inLanguage":"pl-PL"},{"@type":"Organization","@id":"https:\/\/unitedinaction.eu\/#organization","name":"UNITED IN ACTION","url":"https:\/\/unitedinaction.eu\/","logo":{"@type":"ImageObject","inLanguage":"pl-PL","@id":"https:\/\/unitedinaction.eu\/#\/schema\/logo\/image\/","url":"https:\/\/unitedinaction.eu\/wp-content\/uploads\/2026\/01\/LogoUnitedInAction.png","contentUrl":"https:\/\/unitedinaction.eu\/wp-content\/uploads\/2026\/01\/LogoUnitedInAction.png","width":2000,"height":800,"caption":"UNITED IN ACTION"},"image":{"@id":"https:\/\/unitedinaction.eu\/#\/schema\/logo\/image\/"}}]}},"_hostinger_reach_plugin_has_subscription_block":false,"_hostinger_reach_plugin_is_elementor":false,"_links":{"self":[{"href":"https:\/\/unitedinaction.eu\/pl\/wp-json\/wp\/v2\/pages\/3771","targetHints":{"allow":["GET"]}}],"collection":[{"href":"https:\/\/unitedinaction.eu\/pl\/wp-json\/wp\/v2\/pages"}],"about":[{"href":"https:\/\/unitedinaction.eu\/pl\/wp-json\/wp\/v2\/types\/page"}],"author":[{"embeddable":true,"href":"https:\/\/unitedinaction.eu\/pl\/wp-json\/wp\/v2\/users\/1"}],"replies":[{"embeddable":true,"href":"https:\/\/unitedinaction.eu\/pl\/wp-json\/wp\/v2\/comments?post=3771"}],"version-history":[{"count":5,"href":"https:\/\/unitedinaction.eu\/pl\/wp-json\/wp\/v2\/pages\/3771\/revisions"}],"predecessor-version":[{"id":3851,"href":"https:\/\/unitedinaction.eu\/pl\/wp-json\/wp\/v2\/pages\/3771\/revisions\/3851"}],"wp:attachment":[{"href":"https:\/\/unitedinaction.eu\/pl\/wp-json\/wp\/v2\/media?parent=3771"}],"curies":[{"name":"wp","href":"https:\/\/api.w.org\/{rel}","templated":true}]}}