{"id":3519,"date":"2026-03-13T05:36:20","date_gmt":"2026-03-13T04:36:20","guid":{"rendered":"https:\/\/unitedinaction.eu\/?page_id=3519"},"modified":"2026-04-01T22:33:03","modified_gmt":"2026-04-01T20:33:03","slug":"volunteer-training","status":"publish","type":"page","link":"https:\/\/unitedinaction.eu\/pl\/volunteer-training\/","title":{"rendered":"Szkolenie dla wolontariuszy"},"content":{"rendered":"<p>Europejski Korpus Solidarno\u015bci zapewnia uczestnikom szereg us\u0142ug wsparcia, aby mogli nie tylko jak najlepiej wykorzysta\u0107 swoje do\u015bwiadczenie, ale tak\u017ce jak najwi\u0119cej si\u0119 nauczy\u0107.<\/p>\n\n\n\n<p>Czy napotykasz jakie\u015b przeszkody spo\u0142eczne, ekonomiczne, zdrowotne, zwi\u0105zane z nauk\u0105 lub przeszkody innego rodzaju? Program oferuje dodatkowe wsparcie finansowe dla organizacji, aby mog\u0142y lepiej zaspokaja\u0107 Twoje potrzeby, a tak\u017ce szereg \u015brodk\u00f3w wsparcia (np. wzmocnion\u0105 opiek\u0119 mentorsk\u0105, osob\u0119 towarzysz\u0105c\u0105 itp.), aby umo\u017cliwi\u0107 Ci udzia\u0142 w dzia\u0142aniach na r\u00f3wnych warunkach z innymi. Zach\u0119camy, aby poinformowa\u0107 organizacje przyjmuj\u0105ce i wspieraj\u0105ce o wszelkich okoliczno\u015bciach, kt\u00f3re mog\u0105 mie\u0107 wp\u0142yw na Twoj\u0105 zdolno\u015b\u0107 do wykonywania zada\u0144, a tak\u017ce aby podzieli\u0107 si\u0119 z nimi informacjami o specjalnych potrzebach, przy zaspokojeniu kt\u00f3rych potrzebujesz pomocy. W razie potrzeby nale\u017cy r\u00f3wnie\u017c poda\u0107 dok\u0142adne informacje na temat swoich potrzeb zdrowotnych. Mo\u017cesz tak\u017ce wzi\u0105\u0107 udzia\u0142 w wizycie przygotowawczej w miejscu dzia\u0142ania wolontariackiego przed jego rozpocz\u0119ciem, aby zaanga\u017cowa\u0107 si\u0119 w opracowywanie dzia\u0142ania i aby Twoje potrzeby mog\u0142y by\u0107 brane pod uwag\u0119 od samego pocz\u0105tku.<\/p>\n\n\n\n<p>Program obejmuje szereg wydarze\u0144 i sesji szkoleniowych, kt\u00f3re zapewni\u0105 Ci wskaz\u00f3wki i wsparcie, pomog\u0105 dostosowa\u0107 si\u0119 do wyzwa\u0144 kulturowych i osobistych, pozna\u0107 prawa i obowi\u0105zki oraz kwestie praktyczne, rozwin\u0105\u0107 komunikacj\u0119 mi\u0119dzykulturow\u0105, pozna\u0107 innych wolontariuszy, pozosta\u0107 w kontakcie z agencjami narodowymi, oceni\u0107 swoje do\u015bwiadczenie i wiele wi\u0119cej.<\/p>\n\n\n\n<ul class=\"wp-block-list\">\n<li>Je\u015bli Twoje dzia\u0142anie trwa d\u0142u\u017cej ni\u017c 2 miesi\u0105ce, otrzymasz zaproszenie do udzia\u0142u w: szkoleniu przed wyjazdem (obowi\u0105zkowe w przypadku dzia\u0142a\u0144 transgranicznych, opcjonalne w przypadku dzia\u0142a\u0144 krajowych), szkoleniu po przyje\u017adzie, ewaluacji \u015br\u00f3dokresowej (tylko w przypadku dzia\u0142a\u0144 trwaj\u0105cych 6 miesi\u0119cy i d\u0142u\u017cej) oraz dorocznym wydarzeniu Europejskiego Korpusu Solidarno\u015bci.<\/li>\n\n\n\n<li>Je\u015bli Twoje dzia\u0142anie trwa kr\u00f3cej ni\u017c 2 miesi\u0105ce, otrzymasz zaproszenie do udzia\u0142u w: szkoleniu przed wyjazdem (obowi\u0105zkowe w przypadku dzia\u0142a\u0144 transgranicznych, opcjonalne w przypadku dzia\u0142a\u0144 krajowych), szkoleniu po przyje\u017adzie oraz dorocznym wydarzeniu Europejskiego Korpusu Solidarno\u015bci.<\/li>\n<\/ul>\n\n\n\n<h6 class=\"wp-block-heading\">Wsparcie w nauce j\u0119zyk\u00f3w<\/h6>\n\n\n\n<p>Wsparcie j\u0119zykowe online to us\u0142uga maj\u0105ca na celu pomoc w poprawie znajomo\u015bci j\u0119zyka, kt\u00f3rego b\u0119dziesz u\u017cywa\u0107 do wykonywania zada\u0144 w ramach wolontariatu, a tak\u017ce w nauce innych j\u0119zyk\u00f3w, bez ogranicze\u0144 dotycz\u0105cych liczby kurs\u00f3w i j\u0119zyk\u00f3w. Mo\u017cesz uzyska\u0107 dost\u0119p do wsparcia j\u0119zykowego online7 za pomoc\u0105 swojego loginu UE i do\u0142\u0105czy\u0107 do kurs\u00f3w internetowych jeszcze przed wyjazdem. System wsparcia j\u0119zykowego online znajduje si\u0119 na platformie zarz\u0105dzania kursami Komisji Europejskiej zwanej EU Academy.<\/p>\n\n\n\n<p>Je\u015bli j\u0119zyk roboczy lub poziom nie jest obj\u0119ty systemem wsparcia j\u0119zykowego online lub je\u015bli potrzebujesz dodatkowej pomocy, Twoja organizacja przyjmuj\u0105ca mo\u017ce wesprze\u0107 Ci\u0119 w nauce j\u0119zyka przez organizowanie formalnych lub nieformalnych lekcji. Format, czas trwania i cz\u0119stotliwo\u015b\u0107 b\u0119d\u0105 zale\u017ce\u0107 od Twoich potrzeb, zada\u0144 zwi\u0105zanych w projektem i zasob\u00f3w dost\u0119pnych dla organizacji.<\/p>\n\n\n\n<hr class=\"wp-block-separator has-alpha-channel-opacity is-style-wide\"\/>\n\n\n\n<figure class=\"wp-block-image size-large\"><img loading=\"lazy\" decoding=\"async\" width=\"1024\" height=\"97\" src=\"https:\/\/unitedinaction.eu\/wp-content\/uploads\/2026\/03\/belka-EKS-1024x97.png\" alt=\"\" class=\"wp-image-3545\" srcset=\"https:\/\/unitedinaction.eu\/wp-content\/uploads\/2026\/03\/belka-EKS-1024x97.png 1024w, https:\/\/unitedinaction.eu\/wp-content\/uploads\/2026\/03\/belka-EKS-300x28.png 300w, https:\/\/unitedinaction.eu\/wp-content\/uploads\/2026\/03\/belka-EKS-768x73.png 768w, https:\/\/unitedinaction.eu\/wp-content\/uploads\/2026\/03\/belka-EKS-1536x146.png 1536w, https:\/\/unitedinaction.eu\/wp-content\/uploads\/2026\/03\/belka-EKS-18x2.png 18w, https:\/\/unitedinaction.eu\/wp-content\/uploads\/2026\/03\/belka-EKS.png 1979w\" sizes=\"auto, (max-width: 1024px) 100vw, 1024px\" \/><\/figure>","protected":false},"excerpt":{"rendered":"<p>The European Solidarity Corps provides participants with a range of support services so that they can not only make the most of their experience but also learn as much as possible. Are you facing any social, economic, health, educational, or other obstacles? The program offers additional financial support to organizations so they can better meet [&hellip;]<\/p>\n","protected":false},"author":1,"featured_media":0,"parent":0,"menu_order":0,"comment_status":"closed","ping_status":"closed","template":"","meta":{"footnotes":""},"class_list":["post-3519","page","type-page","status-publish","hentry"],"blocksy_meta":[],"yoast_head":"<!-- This site is optimized with the Yoast SEO plugin v27.3 - https:\/\/yoast.com\/product\/yoast-seo-wordpress\/ -->\n<title>Volunteer Training - UNITED IN ACTION<\/title>\n<meta name=\"robots\" content=\"index, follow, max-snippet:-1, max-image-preview:large, max-video-preview:-1\" \/>\n<link rel=\"canonical\" href=\"https:\/\/unitedinaction.eu\/pl\/volunteer-training\/\" \/>\n<meta property=\"og:locale\" content=\"pl_PL\" \/>\n<meta property=\"og:type\" content=\"article\" \/>\n<meta property=\"og:title\" content=\"Volunteer Training - UNITED IN ACTION\" \/>\n<meta property=\"og:description\" content=\"The European Solidarity Corps provides participants with a range of support services so that they can not only make the most of their experience but also learn as much as possible. Are you facing any social, economic, health, educational, or other obstacles? The program offers additional financial support to organizations so they can better meet [&hellip;]\" \/>\n<meta property=\"og:url\" content=\"https:\/\/unitedinaction.eu\/pl\/volunteer-training\/\" \/>\n<meta property=\"og:site_name\" content=\"UNITED IN ACTION\" \/>\n<meta property=\"article:modified_time\" content=\"2026-04-01T20:33:03+00:00\" \/>\n<meta property=\"og:image\" content=\"https:\/\/unitedinaction.eu\/wp-content\/uploads\/2026\/03\/belka-EKS.png\" \/>\n\t<meta property=\"og:image:width\" content=\"1979\" \/>\n\t<meta property=\"og:image:height\" content=\"188\" \/>\n\t<meta property=\"og:image:type\" content=\"image\/png\" \/>\n<meta name=\"twitter:card\" content=\"summary_large_image\" \/>\n<script type=\"application\/ld+json\" class=\"yoast-schema-graph\">{\"@context\":\"https:\\\/\\\/schema.org\",\"@graph\":[{\"@type\":\"WebPage\",\"@id\":\"https:\\\/\\\/unitedinaction.eu\\\/volunteer-training\\\/\",\"url\":\"https:\\\/\\\/unitedinaction.eu\\\/volunteer-training\\\/\",\"name\":\"Volunteer Training - UNITED IN ACTION\",\"isPartOf\":{\"@id\":\"https:\\\/\\\/unitedinaction.eu\\\/#website\"},\"primaryImageOfPage\":{\"@id\":\"https:\\\/\\\/unitedinaction.eu\\\/volunteer-training\\\/#primaryimage\"},\"image\":{\"@id\":\"https:\\\/\\\/unitedinaction.eu\\\/volunteer-training\\\/#primaryimage\"},\"thumbnailUrl\":\"https:\\\/\\\/unitedinaction.eu\\\/wp-content\\\/uploads\\\/2026\\\/03\\\/belka-EKS-1024x97.png\",\"datePublished\":\"2026-03-13T04:36:20+00:00\",\"dateModified\":\"2026-04-01T20:33:03+00:00\",\"breadcrumb\":{\"@id\":\"https:\\\/\\\/unitedinaction.eu\\\/volunteer-training\\\/#breadcrumb\"},\"inLanguage\":\"pl-PL\",\"potentialAction\":[{\"@type\":\"ReadAction\",\"target\":[\"https:\\\/\\\/unitedinaction.eu\\\/volunteer-training\\\/\"]}]},{\"@type\":\"ImageObject\",\"inLanguage\":\"pl-PL\",\"@id\":\"https:\\\/\\\/unitedinaction.eu\\\/volunteer-training\\\/#primaryimage\",\"url\":\"https:\\\/\\\/unitedinaction.eu\\\/wp-content\\\/uploads\\\/2026\\\/03\\\/belka-EKS-1024x97.png\",\"contentUrl\":\"https:\\\/\\\/unitedinaction.eu\\\/wp-content\\\/uploads\\\/2026\\\/03\\\/belka-EKS-1024x97.png\"},{\"@type\":\"BreadcrumbList\",\"@id\":\"https:\\\/\\\/unitedinaction.eu\\\/volunteer-training\\\/#breadcrumb\",\"itemListElement\":[{\"@type\":\"ListItem\",\"position\":1,\"name\":\"Strona g\u0142\u00f3wna\",\"item\":\"https:\\\/\\\/unitedinaction.eu\\\/\"},{\"@type\":\"ListItem\",\"position\":2,\"name\":\"Volunteer Training\"}]},{\"@type\":\"WebSite\",\"@id\":\"https:\\\/\\\/unitedinaction.eu\\\/#website\",\"url\":\"https:\\\/\\\/unitedinaction.eu\\\/\",\"name\":\"UNITED IN ACTION\",\"description\":\"\",\"publisher\":{\"@id\":\"https:\\\/\\\/unitedinaction.eu\\\/#organization\"},\"potentialAction\":[{\"@type\":\"SearchAction\",\"target\":{\"@type\":\"EntryPoint\",\"urlTemplate\":\"https:\\\/\\\/unitedinaction.eu\\\/?s={search_term_string}\"},\"query-input\":{\"@type\":\"PropertyValueSpecification\",\"valueRequired\":true,\"valueName\":\"search_term_string\"}}],\"inLanguage\":\"pl-PL\"},{\"@type\":\"Organization\",\"@id\":\"https:\\\/\\\/unitedinaction.eu\\\/#organization\",\"name\":\"UNITED IN ACTION\",\"url\":\"https:\\\/\\\/unitedinaction.eu\\\/\",\"logo\":{\"@type\":\"ImageObject\",\"inLanguage\":\"pl-PL\",\"@id\":\"https:\\\/\\\/unitedinaction.eu\\\/#\\\/schema\\\/logo\\\/image\\\/\",\"url\":\"https:\\\/\\\/unitedinaction.eu\\\/wp-content\\\/uploads\\\/2026\\\/01\\\/LogoUnitedInAction.png\",\"contentUrl\":\"https:\\\/\\\/unitedinaction.eu\\\/wp-content\\\/uploads\\\/2026\\\/01\\\/LogoUnitedInAction.png\",\"width\":2000,\"height\":800,\"caption\":\"UNITED IN ACTION\"},\"image\":{\"@id\":\"https:\\\/\\\/unitedinaction.eu\\\/#\\\/schema\\\/logo\\\/image\\\/\"}}]}<\/script>\n<!-- \/ Yoast SEO plugin. -->","yoast_head_json":{"title":"Volunteer Training - UNITED IN ACTION","robots":{"index":"index","follow":"follow","max-snippet":"max-snippet:-1","max-image-preview":"max-image-preview:large","max-video-preview":"max-video-preview:-1"},"canonical":"https:\/\/unitedinaction.eu\/pl\/volunteer-training\/","og_locale":"pl_PL","og_type":"article","og_title":"Volunteer Training - UNITED IN ACTION","og_description":"The European Solidarity Corps provides participants with a range of support services so that they can not only make the most of their experience but also learn as much as possible. Are you facing any social, economic, health, educational, or other obstacles? The program offers additional financial support to organizations so they can better meet [&hellip;]","og_url":"https:\/\/unitedinaction.eu\/pl\/volunteer-training\/","og_site_name":"UNITED IN ACTION","article_modified_time":"2026-04-01T20:33:03+00:00","og_image":[{"width":1979,"height":188,"url":"https:\/\/unitedinaction.eu\/wp-content\/uploads\/2026\/03\/belka-EKS.png","type":"image\/png"}],"twitter_card":"summary_large_image","schema":{"@context":"https:\/\/schema.org","@graph":[{"@type":"WebPage","@id":"https:\/\/unitedinaction.eu\/volunteer-training\/","url":"https:\/\/unitedinaction.eu\/volunteer-training\/","name":"Volunteer Training - UNITED IN ACTION","isPartOf":{"@id":"https:\/\/unitedinaction.eu\/#website"},"primaryImageOfPage":{"@id":"https:\/\/unitedinaction.eu\/volunteer-training\/#primaryimage"},"image":{"@id":"https:\/\/unitedinaction.eu\/volunteer-training\/#primaryimage"},"thumbnailUrl":"https:\/\/unitedinaction.eu\/wp-content\/uploads\/2026\/03\/belka-EKS-1024x97.png","datePublished":"2026-03-13T04:36:20+00:00","dateModified":"2026-04-01T20:33:03+00:00","breadcrumb":{"@id":"https:\/\/unitedinaction.eu\/volunteer-training\/#breadcrumb"},"inLanguage":"pl-PL","potentialAction":[{"@type":"ReadAction","target":["https:\/\/unitedinaction.eu\/volunteer-training\/"]}]},{"@type":"ImageObject","inLanguage":"pl-PL","@id":"https:\/\/unitedinaction.eu\/volunteer-training\/#primaryimage","url":"https:\/\/unitedinaction.eu\/wp-content\/uploads\/2026\/03\/belka-EKS-1024x97.png","contentUrl":"https:\/\/unitedinaction.eu\/wp-content\/uploads\/2026\/03\/belka-EKS-1024x97.png"},{"@type":"BreadcrumbList","@id":"https:\/\/unitedinaction.eu\/volunteer-training\/#breadcrumb","itemListElement":[{"@type":"ListItem","position":1,"name":"Strona g\u0142\u00f3wna","item":"https:\/\/unitedinaction.eu\/"},{"@type":"ListItem","position":2,"name":"Volunteer Training"}]},{"@type":"WebSite","@id":"https:\/\/unitedinaction.eu\/#website","url":"https:\/\/unitedinaction.eu\/","name":"UNITED IN ACTION","description":"","publisher":{"@id":"https:\/\/unitedinaction.eu\/#organization"},"potentialAction":[{"@type":"SearchAction","target":{"@type":"EntryPoint","urlTemplate":"https:\/\/unitedinaction.eu\/?s={search_term_string}"},"query-input":{"@type":"PropertyValueSpecification","valueRequired":true,"valueName":"search_term_string"}}],"inLanguage":"pl-PL"},{"@type":"Organization","@id":"https:\/\/unitedinaction.eu\/#organization","name":"UNITED IN ACTION","url":"https:\/\/unitedinaction.eu\/","logo":{"@type":"ImageObject","inLanguage":"pl-PL","@id":"https:\/\/unitedinaction.eu\/#\/schema\/logo\/image\/","url":"https:\/\/unitedinaction.eu\/wp-content\/uploads\/2026\/01\/LogoUnitedInAction.png","contentUrl":"https:\/\/unitedinaction.eu\/wp-content\/uploads\/2026\/01\/LogoUnitedInAction.png","width":2000,"height":800,"caption":"UNITED IN ACTION"},"image":{"@id":"https:\/\/unitedinaction.eu\/#\/schema\/logo\/image\/"}}]}},"_hostinger_reach_plugin_has_subscription_block":false,"_hostinger_reach_plugin_is_elementor":false,"_links":{"self":[{"href":"https:\/\/unitedinaction.eu\/pl\/wp-json\/wp\/v2\/pages\/3519","targetHints":{"allow":["GET"]}}],"collection":[{"href":"https:\/\/unitedinaction.eu\/pl\/wp-json\/wp\/v2\/pages"}],"about":[{"href":"https:\/\/unitedinaction.eu\/pl\/wp-json\/wp\/v2\/types\/page"}],"author":[{"embeddable":true,"href":"https:\/\/unitedinaction.eu\/pl\/wp-json\/wp\/v2\/users\/1"}],"replies":[{"embeddable":true,"href":"https:\/\/unitedinaction.eu\/pl\/wp-json\/wp\/v2\/comments?post=3519"}],"version-history":[{"count":4,"href":"https:\/\/unitedinaction.eu\/pl\/wp-json\/wp\/v2\/pages\/3519\/revisions"}],"predecessor-version":[{"id":3852,"href":"https:\/\/unitedinaction.eu\/pl\/wp-json\/wp\/v2\/pages\/3519\/revisions\/3852"}],"wp:attachment":[{"href":"https:\/\/unitedinaction.eu\/pl\/wp-json\/wp\/v2\/media?parent=3519"}],"curies":[{"name":"wp","href":"https:\/\/api.w.org\/{rel}","templated":true}]}}