{"id":3350,"date":"2026-01-29T02:15:02","date_gmt":"2026-01-29T01:15:02","guid":{"rendered":"https:\/\/darkslategray-grasshopper-506783.hostingersite.com\/?page_id=3350"},"modified":"2026-03-26T14:51:57","modified_gmt":"2026-03-26T13:51:57","slug":"general-information","status":"publish","type":"page","link":"https:\/\/unitedinaction.eu\/pl\/general-information\/","title":{"rendered":"Informacje og\u00f3lne"},"content":{"rendered":"<figure class=\"wp-block-image size-large is-resized\"><img loading=\"lazy\" decoding=\"async\" width=\"1024\" height=\"410\" src=\"https:\/\/unitedinaction.eu\/wp-content\/uploads\/2026\/01\/LogoUnitedInAction-1024x410.png\" alt=\"\" class=\"wp-image-3317\" style=\"aspect-ratio:2.49761544724904;width:401px;height:auto\" srcset=\"https:\/\/unitedinaction.eu\/wp-content\/uploads\/2026\/01\/LogoUnitedInAction-1024x410.png 1024w, https:\/\/unitedinaction.eu\/wp-content\/uploads\/2026\/01\/LogoUnitedInAction-300x120.png 300w, https:\/\/unitedinaction.eu\/wp-content\/uploads\/2026\/01\/LogoUnitedInAction-768x307.png 768w, https:\/\/unitedinaction.eu\/wp-content\/uploads\/2026\/01\/LogoUnitedInAction-1536x614.png 1536w, https:\/\/unitedinaction.eu\/wp-content\/uploads\/2026\/01\/LogoUnitedInAction.png 2000w\" sizes=\"auto, (max-width: 1024px) 100vw, 1024px\" \/><\/figure>\n\n\n\n<p><strong>Tytu\u0142 projektu:<\/strong>\u00a0United In Action<br><strong>Numer projektu:<\/strong>\u00a02024-2-PL01-ESC51-VTJ-000280484<br><strong>Warto\u015b\u0107 projektu:<\/strong>\u00a023 458,00 EUR<br><strong>\u0179r\u00f3d\u0142o finansowania:<\/strong>\u00a0Europejski Korpus Solidarno\u015bci<br><strong>Okres realizacji projektu:\u00a0<\/strong>01.01.2025 \u2013 31.12.2026<br><a href=\"https:\/\/unitedinaction.eu\/pl\/privacy-notice\/\" type=\"link\" id=\"https:\/\/unitedinaction.eu\/privacy-notice\/\">Klauzula informacyjna (RODO)<\/a><\/p>\n\n\n\n<p><strong>Cele projektu:<\/strong><\/p>\n\n\n\n<ul class=\"wp-block-list\">\n<li>Promowanie w\u0142\u0105czenia spo\u0142ecznego, r\u00f3\u017cnorodno\u015bci oraz praw cz\u0142owieka, a tak\u017ce przeciwdzia\u0142anie wszelkim formom dyskryminacji,<\/li>\n\n\n\n<li>Rozw\u00f3j kompetencji cyfrowych oraz umiej\u0119tno\u015bci funkcjonowania w dobie transformacji cyfrowej,<\/li>\n\n\n\n<li>Zach\u0119canie m\u0142odych ludzi do udzia\u0142u w \u017cyciu spo\u0142ecznym i demokratycznym oraz kszta\u0142towanie postaw obywatelskich,<\/li>\n\n\n\n<li>Promowanie dzia\u0142a\u0144 proekologicznych oraz zr\u00f3wnowa\u017conego rozwoju i ochrony klimatu.<\/li>\n<\/ul>\n\n\n\n<p><strong>Wolontariusze b\u0119d\u0105 uczestniczy\u0107 w r\u00f3\u017cnorodnych inicjatywach, takich jak:<\/strong><\/p>\n\n\n\n<ul class=\"wp-block-list\">\n<li>warsztaty i wydarzenia promuj\u0105ce r\u00f3\u017cnorodno\u015b\u0107 kulturow\u0105 (np. Metropolitalne Dni R\u00f3\u017cnorodno\u015bci Kulturowej, koncerty, spotkania mi\u0119dzynarodowe student\u00f3w),<\/li>\n\n\n\n<li>projekty edukacyjne rozwijaj\u0105ce dialog mi\u0119dzy obywatelami a instytucjami lokalnymi,<\/li>\n\n\n\n<li>inicjatywy proekologiczne realizowane w ramach rozwijaj\u0105cego si\u0119 projektu Blue Hub,<\/li>\n\n\n\n<li>dzia\u0142ania integruj\u0105ce dzieci, m\u0142odzie\u017c i senior\u00f3w w ramach Uniwersytetu Dzieci\u0119cego oraz Uniwersytetu Trzeciego Wieku,<\/li>\n\n\n\n<li>dzia\u0142ania rozwijaj\u0105ce kompetencje cyfrowe, przeciwdzia\u0142aj\u0105ce dezinformacji oraz zwi\u0119kszaj\u0105ce \u015bwiadomo\u015b\u0107 zagro\u017ce\u0144 w sieci,<\/li>\n\n\n\n<li>wsparcie w pracach biurowych, np. digitalizacja dokument\u00f3w, zarz\u0105dzanie projektami i dokumentacj\u0105, aktualizacja stron internetowych,<\/li>\n\n\n\n<li>promocja program\u00f3w Europejskiego Korpusu Solidarno\u015bci oraz Erasmus+.<\/li>\n<\/ul>\n\n\n\n<p>Projekt zapewnia szczeg\u00f3lne wsparcie dla os\u00f3b z mniejszymi szansami, w tym coaching, pomoc psychologiczn\u0105, dostosowanie materia\u0142\u00f3w edukacyjnych oraz finansowanie koszt\u00f3w podr\u00f3\u017cy z mniej zurbanizowanych region\u00f3w.<br><\/p>\n\n\n\n<figure class=\"wp-block-image size-large\"><img loading=\"lazy\" decoding=\"async\" width=\"1024\" height=\"97\" src=\"https:\/\/unitedinaction.eu\/wp-content\/uploads\/2026\/03\/belka-EKS-1024x97.png\" alt=\"\" class=\"wp-image-3545\" srcset=\"https:\/\/unitedinaction.eu\/wp-content\/uploads\/2026\/03\/belka-EKS-1024x97.png 1024w, https:\/\/unitedinaction.eu\/wp-content\/uploads\/2026\/03\/belka-EKS-300x28.png 300w, https:\/\/unitedinaction.eu\/wp-content\/uploads\/2026\/03\/belka-EKS-768x73.png 768w, https:\/\/unitedinaction.eu\/wp-content\/uploads\/2026\/03\/belka-EKS-1536x146.png 1536w, https:\/\/unitedinaction.eu\/wp-content\/uploads\/2026\/03\/belka-EKS-18x2.png 18w, https:\/\/unitedinaction.eu\/wp-content\/uploads\/2026\/03\/belka-EKS.png 1979w\" sizes=\"auto, (max-width: 1024px) 100vw, 1024px\" \/><\/figure>\n\n\n\n<figure class=\"wp-block-table\"><table class=\"has-fixed-layout\"><tbody><tr><td class=\"has-text-align-left\" data-align=\"left\"><strong>Zakwaterowanie<\/strong>(pok\u00f3j w mieszkaniu wsp\u00f3\u0142dzielonym lub pok\u00f3j w akademiku)<\/td><td class=\"has-text-align-left\" data-align=\"left\">Zapewnione przez organizacj\u0119 goszcz\u0105c\u0105<\/td><\/tr><tr><td class=\"has-text-align-left\" data-align=\"left\"><strong>Podr\u00f3\u017c mi\u0119dzynarodowa&nbsp;<\/strong><\/td><td class=\"has-text-align-left\" data-align=\"left\">Zapewnione przez organizacj\u0119 goszcz\u0105c\u0105<\/td><\/tr><tr><td class=\"has-text-align-left\" data-align=\"left\"><strong>Transport lokalny<\/strong><\/td><td class=\"has-text-align-left\" data-align=\"left\">Zapewnione przez organizacj\u0119 goszcz\u0105c\u0105<\/td><\/tr><tr><td class=\"has-text-align-left\" data-align=\"left\"><strong>Kieszonkowe<\/strong><\/td><td class=\"has-text-align-left\" data-align=\"left\">6 euro dziennie<\/td><\/tr><tr><td class=\"has-text-align-left\" data-align=\"left\"><strong>Wy\u017cywienie&nbsp;<\/strong><\/td><td class=\"has-text-align-left\" data-align=\"left\">4 euro dziennie<\/td><\/tr><tr><td class=\"has-text-align-left\" data-align=\"left\"><strong>Ubezpieczenie zdrowotne<\/strong><\/td><td class=\"has-text-align-left\" data-align=\"left\">&nbsp;Zapewnione przez Europejski Korpus Solidarno\u015bci<\/td><\/tr><tr><td class=\"has-text-align-left\" data-align=\"left\"><strong>Wiza (ca\u0142kowity koszt)<\/strong><\/td><td class=\"has-text-align-left\" data-align=\"left\">Pokrywana przez uczestnika (refundowana przez organizacj\u0119 goszcz\u0105c\u0105 na podstawie faktur\/paragon\u00f3w)<\/td><\/tr><\/tbody><\/table><\/figure>","protected":false},"excerpt":{"rendered":"<p>Project title:\u00a0United In ActionProject number:\u00a02024-2-PL01-ESC51-VTJ-000280484Project value:\u00a023 458,00 EURSource of funding:\u00a0European Solidarity CorpsProject implementation period:\u00a001.01.2025 &#8211; 31.12.2026Privacy notice Project goals: Volunteers will take part in a&nbsp;variety of initiatives, such as: The project provides special support to disadvantaged people, including coaching, psychological assistance, adaptation of educational materials, and financing of travel costs from less urbanized regions. Accomodation [&hellip;]<\/p>\n","protected":false},"author":1,"featured_media":0,"parent":0,"menu_order":0,"comment_status":"closed","ping_status":"closed","template":"","meta":{"footnotes":""},"class_list":["post-3350","page","type-page","status-publish","hentry"],"blocksy_meta":[],"yoast_head":"<!-- This site is optimized with the Yoast SEO plugin v27.3 - https:\/\/yoast.com\/product\/yoast-seo-wordpress\/ -->\n<title>General information - UNITED IN ACTION<\/title>\n<meta name=\"robots\" content=\"index, follow, max-snippet:-1, max-image-preview:large, max-video-preview:-1\" \/>\n<link rel=\"canonical\" href=\"https:\/\/unitedinaction.eu\/pl\/general-information\/\" \/>\n<meta property=\"og:locale\" content=\"pl_PL\" \/>\n<meta property=\"og:type\" content=\"article\" \/>\n<meta property=\"og:title\" content=\"General information - UNITED IN ACTION\" \/>\n<meta property=\"og:description\" content=\"Project title:\u00a0United In ActionProject number:\u00a02024-2-PL01-ESC51-VTJ-000280484Project value:\u00a023 458,00 EURSource of funding:\u00a0European Solidarity CorpsProject implementation period:\u00a001.01.2025 &#8211; 31.12.2026Privacy notice Project goals: Volunteers will take part in a&nbsp;variety of initiatives, such as: The project provides special support to disadvantaged people, including coaching, psychological assistance, adaptation of educational materials, and financing of travel costs from less urbanized regions. Accomodation [&hellip;]\" \/>\n<meta property=\"og:url\" content=\"https:\/\/unitedinaction.eu\/pl\/general-information\/\" \/>\n<meta property=\"og:site_name\" content=\"UNITED IN ACTION\" \/>\n<meta property=\"article:modified_time\" content=\"2026-03-26T13:51:57+00:00\" \/>\n<meta property=\"og:image\" content=\"https:\/\/unitedinaction.eu\/wp-content\/uploads\/2026\/01\/LogoUnitedInAction.png\" \/>\n\t<meta property=\"og:image:width\" content=\"2000\" \/>\n\t<meta property=\"og:image:height\" content=\"800\" \/>\n\t<meta property=\"og:image:type\" content=\"image\/png\" \/>\n<meta name=\"twitter:card\" content=\"summary_large_image\" \/>\n<meta name=\"twitter:label1\" content=\"Szacowany czas czytania\" \/>\n\t<meta name=\"twitter:data1\" content=\"3 minuty\" \/>\n<script type=\"application\/ld+json\" class=\"yoast-schema-graph\">{\"@context\":\"https:\\\/\\\/schema.org\",\"@graph\":[{\"@type\":\"WebPage\",\"@id\":\"https:\\\/\\\/unitedinaction.eu\\\/general-information\\\/\",\"url\":\"https:\\\/\\\/unitedinaction.eu\\\/general-information\\\/\",\"name\":\"General information - UNITED IN ACTION\",\"isPartOf\":{\"@id\":\"https:\\\/\\\/unitedinaction.eu\\\/#website\"},\"primaryImageOfPage\":{\"@id\":\"https:\\\/\\\/unitedinaction.eu\\\/general-information\\\/#primaryimage\"},\"image\":{\"@id\":\"https:\\\/\\\/unitedinaction.eu\\\/general-information\\\/#primaryimage\"},\"thumbnailUrl\":\"https:\\\/\\\/unitedinaction.eu\\\/wp-content\\\/uploads\\\/2026\\\/01\\\/LogoUnitedInAction-1024x410.png\",\"datePublished\":\"2026-01-29T01:15:02+00:00\",\"dateModified\":\"2026-03-26T13:51:57+00:00\",\"breadcrumb\":{\"@id\":\"https:\\\/\\\/unitedinaction.eu\\\/general-information\\\/#breadcrumb\"},\"inLanguage\":\"pl-PL\",\"potentialAction\":[{\"@type\":\"ReadAction\",\"target\":[\"https:\\\/\\\/unitedinaction.eu\\\/general-information\\\/\"]}]},{\"@type\":\"ImageObject\",\"inLanguage\":\"pl-PL\",\"@id\":\"https:\\\/\\\/unitedinaction.eu\\\/general-information\\\/#primaryimage\",\"url\":\"https:\\\/\\\/unitedinaction.eu\\\/wp-content\\\/uploads\\\/2026\\\/01\\\/LogoUnitedInAction-1024x410.png\",\"contentUrl\":\"https:\\\/\\\/unitedinaction.eu\\\/wp-content\\\/uploads\\\/2026\\\/01\\\/LogoUnitedInAction-1024x410.png\"},{\"@type\":\"BreadcrumbList\",\"@id\":\"https:\\\/\\\/unitedinaction.eu\\\/general-information\\\/#breadcrumb\",\"itemListElement\":[{\"@type\":\"ListItem\",\"position\":1,\"name\":\"Strona g\u0142\u00f3wna\",\"item\":\"https:\\\/\\\/unitedinaction.eu\\\/\"},{\"@type\":\"ListItem\",\"position\":2,\"name\":\"General information\"}]},{\"@type\":\"WebSite\",\"@id\":\"https:\\\/\\\/unitedinaction.eu\\\/#website\",\"url\":\"https:\\\/\\\/unitedinaction.eu\\\/\",\"name\":\"UNITED IN ACTION\",\"description\":\"\",\"publisher\":{\"@id\":\"https:\\\/\\\/unitedinaction.eu\\\/#organization\"},\"potentialAction\":[{\"@type\":\"SearchAction\",\"target\":{\"@type\":\"EntryPoint\",\"urlTemplate\":\"https:\\\/\\\/unitedinaction.eu\\\/?s={search_term_string}\"},\"query-input\":{\"@type\":\"PropertyValueSpecification\",\"valueRequired\":true,\"valueName\":\"search_term_string\"}}],\"inLanguage\":\"pl-PL\"},{\"@type\":\"Organization\",\"@id\":\"https:\\\/\\\/unitedinaction.eu\\\/#organization\",\"name\":\"UNITED IN ACTION\",\"url\":\"https:\\\/\\\/unitedinaction.eu\\\/\",\"logo\":{\"@type\":\"ImageObject\",\"inLanguage\":\"pl-PL\",\"@id\":\"https:\\\/\\\/unitedinaction.eu\\\/#\\\/schema\\\/logo\\\/image\\\/\",\"url\":\"https:\\\/\\\/unitedinaction.eu\\\/wp-content\\\/uploads\\\/2026\\\/01\\\/LogoUnitedInAction.png\",\"contentUrl\":\"https:\\\/\\\/unitedinaction.eu\\\/wp-content\\\/uploads\\\/2026\\\/01\\\/LogoUnitedInAction.png\",\"width\":2000,\"height\":800,\"caption\":\"UNITED IN ACTION\"},\"image\":{\"@id\":\"https:\\\/\\\/unitedinaction.eu\\\/#\\\/schema\\\/logo\\\/image\\\/\"}}]}<\/script>\n<!-- \/ Yoast SEO plugin. -->","yoast_head_json":{"title":"General information - UNITED IN ACTION","robots":{"index":"index","follow":"follow","max-snippet":"max-snippet:-1","max-image-preview":"max-image-preview:large","max-video-preview":"max-video-preview:-1"},"canonical":"https:\/\/unitedinaction.eu\/pl\/general-information\/","og_locale":"pl_PL","og_type":"article","og_title":"General information - UNITED IN ACTION","og_description":"Project title:\u00a0United In ActionProject number:\u00a02024-2-PL01-ESC51-VTJ-000280484Project value:\u00a023 458,00 EURSource of funding:\u00a0European Solidarity CorpsProject implementation period:\u00a001.01.2025 &#8211; 31.12.2026Privacy notice Project goals: Volunteers will take part in a&nbsp;variety of initiatives, such as: The project provides special support to disadvantaged people, including coaching, psychological assistance, adaptation of educational materials, and financing of travel costs from less urbanized regions. Accomodation [&hellip;]","og_url":"https:\/\/unitedinaction.eu\/pl\/general-information\/","og_site_name":"UNITED IN ACTION","article_modified_time":"2026-03-26T13:51:57+00:00","og_image":[{"width":2000,"height":800,"url":"https:\/\/unitedinaction.eu\/wp-content\/uploads\/2026\/01\/LogoUnitedInAction.png","type":"image\/png"}],"twitter_card":"summary_large_image","twitter_misc":{"Szacowany czas czytania":"3 minuty"},"schema":{"@context":"https:\/\/schema.org","@graph":[{"@type":"WebPage","@id":"https:\/\/unitedinaction.eu\/general-information\/","url":"https:\/\/unitedinaction.eu\/general-information\/","name":"General information - UNITED IN ACTION","isPartOf":{"@id":"https:\/\/unitedinaction.eu\/#website"},"primaryImageOfPage":{"@id":"https:\/\/unitedinaction.eu\/general-information\/#primaryimage"},"image":{"@id":"https:\/\/unitedinaction.eu\/general-information\/#primaryimage"},"thumbnailUrl":"https:\/\/unitedinaction.eu\/wp-content\/uploads\/2026\/01\/LogoUnitedInAction-1024x410.png","datePublished":"2026-01-29T01:15:02+00:00","dateModified":"2026-03-26T13:51:57+00:00","breadcrumb":{"@id":"https:\/\/unitedinaction.eu\/general-information\/#breadcrumb"},"inLanguage":"pl-PL","potentialAction":[{"@type":"ReadAction","target":["https:\/\/unitedinaction.eu\/general-information\/"]}]},{"@type":"ImageObject","inLanguage":"pl-PL","@id":"https:\/\/unitedinaction.eu\/general-information\/#primaryimage","url":"https:\/\/unitedinaction.eu\/wp-content\/uploads\/2026\/01\/LogoUnitedInAction-1024x410.png","contentUrl":"https:\/\/unitedinaction.eu\/wp-content\/uploads\/2026\/01\/LogoUnitedInAction-1024x410.png"},{"@type":"BreadcrumbList","@id":"https:\/\/unitedinaction.eu\/general-information\/#breadcrumb","itemListElement":[{"@type":"ListItem","position":1,"name":"Strona g\u0142\u00f3wna","item":"https:\/\/unitedinaction.eu\/"},{"@type":"ListItem","position":2,"name":"General information"}]},{"@type":"WebSite","@id":"https:\/\/unitedinaction.eu\/#website","url":"https:\/\/unitedinaction.eu\/","name":"UNITED IN ACTION","description":"","publisher":{"@id":"https:\/\/unitedinaction.eu\/#organization"},"potentialAction":[{"@type":"SearchAction","target":{"@type":"EntryPoint","urlTemplate":"https:\/\/unitedinaction.eu\/?s={search_term_string}"},"query-input":{"@type":"PropertyValueSpecification","valueRequired":true,"valueName":"search_term_string"}}],"inLanguage":"pl-PL"},{"@type":"Organization","@id":"https:\/\/unitedinaction.eu\/#organization","name":"UNITED IN ACTION","url":"https:\/\/unitedinaction.eu\/","logo":{"@type":"ImageObject","inLanguage":"pl-PL","@id":"https:\/\/unitedinaction.eu\/#\/schema\/logo\/image\/","url":"https:\/\/unitedinaction.eu\/wp-content\/uploads\/2026\/01\/LogoUnitedInAction.png","contentUrl":"https:\/\/unitedinaction.eu\/wp-content\/uploads\/2026\/01\/LogoUnitedInAction.png","width":2000,"height":800,"caption":"UNITED IN ACTION"},"image":{"@id":"https:\/\/unitedinaction.eu\/#\/schema\/logo\/image\/"}}]}},"_hostinger_reach_plugin_has_subscription_block":false,"_hostinger_reach_plugin_is_elementor":false,"_links":{"self":[{"href":"https:\/\/unitedinaction.eu\/pl\/wp-json\/wp\/v2\/pages\/3350","targetHints":{"allow":["GET"]}}],"collection":[{"href":"https:\/\/unitedinaction.eu\/pl\/wp-json\/wp\/v2\/pages"}],"about":[{"href":"https:\/\/unitedinaction.eu\/pl\/wp-json\/wp\/v2\/types\/page"}],"author":[{"embeddable":true,"href":"https:\/\/unitedinaction.eu\/pl\/wp-json\/wp\/v2\/users\/1"}],"replies":[{"embeddable":true,"href":"https:\/\/unitedinaction.eu\/pl\/wp-json\/wp\/v2\/comments?post=3350"}],"version-history":[{"count":13,"href":"https:\/\/unitedinaction.eu\/pl\/wp-json\/wp\/v2\/pages\/3350\/revisions"}],"predecessor-version":[{"id":3738,"href":"https:\/\/unitedinaction.eu\/pl\/wp-json\/wp\/v2\/pages\/3350\/revisions\/3738"}],"wp:attachment":[{"href":"https:\/\/unitedinaction.eu\/pl\/wp-json\/wp\/v2\/media?parent=3350"}],"curies":[{"name":"wp","href":"https:\/\/api.w.org\/{rel}","templated":true}]}}