{"id":3162,"date":"2020-07-29T10:28:09","date_gmt":"2020-07-29T10:28:09","guid":{"rendered":"https:\/\/startersites.io\/blocksy\/blog\/?page_id=3162"},"modified":"2026-03-23T03:27:41","modified_gmt":"2026-03-23T02:27:41","slug":"contact-us","status":"publish","type":"page","link":"https:\/\/unitedinaction.eu\/en\/contact-us\/","title":{"rendered":"Contact"},"content":{"rendered":"\n<h4 class=\"wp-block-heading\">Official email: uia@wsb.edu.pl<\/h4>\n\n\n\n<hr class=\"wp-block-separator has-alpha-channel-opacity is-style-wide\"\/>\n\n\n\n<div class=\"wp-block-columns is-layout-flex wp-container-core-columns-is-layout-28f84493 wp-block-columns-is-layout-flex\">\n<div class=\"wp-block-column is-layout-flow wp-block-column-is-layout-flow\" style=\"flex-basis:33.33%\">\n<figure class=\"wp-block-image size-large is-resized is-style-rounded\"><img loading=\"lazy\" decoding=\"async\" width=\"1024\" height=\"1024\" src=\"https:\/\/unitedinaction.eu\/wp-content\/uploads\/2026\/03\/2-1-1024x1024.png\" alt=\"\" class=\"wp-image-3660\" style=\"width:280px\" srcset=\"https:\/\/unitedinaction.eu\/wp-content\/uploads\/2026\/03\/2-1-1024x1024.png 1024w, https:\/\/unitedinaction.eu\/wp-content\/uploads\/2026\/03\/2-1-300x300.png 300w, https:\/\/unitedinaction.eu\/wp-content\/uploads\/2026\/03\/2-1-150x150.png 150w, https:\/\/unitedinaction.eu\/wp-content\/uploads\/2026\/03\/2-1-768x768.png 768w, https:\/\/unitedinaction.eu\/wp-content\/uploads\/2026\/03\/2-1-12x12.png 12w, https:\/\/unitedinaction.eu\/wp-content\/uploads\/2026\/03\/2-1.png 1080w\" sizes=\"auto, (max-width: 1024px) 100vw, 1024px\" \/><\/figure>\n<\/div>\n\n\n\n<div class=\"wp-block-column is-vertically-aligned-center is-layout-flow wp-block-column-is-layout-flow\" style=\"flex-basis:66.66%\">\n<h6 class=\"wp-block-heading\">Aleksandra Zda\u0144ska, MSc Eng.<\/h6>\n\n\n\n<p>e-mail: azdanska@wsb.edu.pl<\/p>\n<\/div>\n<\/div>\n\n\n\n<hr class=\"wp-block-separator has-alpha-channel-opacity is-style-wide\"\/>\n\n\n\n<div class=\"wp-block-columns is-layout-flex wp-container-core-columns-is-layout-28f84493 wp-block-columns-is-layout-flex\">\n<div class=\"wp-block-column is-layout-flow wp-block-column-is-layout-flow\" style=\"flex-basis:33.33%\">\n<figure class=\"wp-block-image size-large is-resized is-style-rounded\"><img loading=\"lazy\" decoding=\"async\" width=\"1024\" height=\"1024\" src=\"https:\/\/unitedinaction.eu\/wp-content\/uploads\/2026\/03\/3-1-1024x1024.png\" alt=\"\" class=\"wp-image-3661\" style=\"width:280px\" srcset=\"https:\/\/unitedinaction.eu\/wp-content\/uploads\/2026\/03\/3-1-1024x1024.png 1024w, https:\/\/unitedinaction.eu\/wp-content\/uploads\/2026\/03\/3-1-300x300.png 300w, https:\/\/unitedinaction.eu\/wp-content\/uploads\/2026\/03\/3-1-150x150.png 150w, https:\/\/unitedinaction.eu\/wp-content\/uploads\/2026\/03\/3-1-768x768.png 768w, https:\/\/unitedinaction.eu\/wp-content\/uploads\/2026\/03\/3-1-12x12.png 12w, https:\/\/unitedinaction.eu\/wp-content\/uploads\/2026\/03\/3-1.png 1080w\" sizes=\"auto, (max-width: 1024px) 100vw, 1024px\" \/><\/figure>\n<\/div>\n\n\n\n<div class=\"wp-block-column is-vertically-aligned-center is-layout-flow wp-block-column-is-layout-flow\" style=\"flex-basis:66.66%\">\n<h6 class=\"wp-block-heading\">Adam Go\u0142\u0119biowski, MSc<\/h6>\n\n\n\n<p>e-mail: agolebiowski@wsb.edu.pl<\/p>\n<\/div>\n<\/div>\n\n\n\n<hr class=\"wp-block-separator has-alpha-channel-opacity is-style-wide\"\/>\n\n\n\n<figure class=\"wp-block-image size-large\"><img loading=\"lazy\" decoding=\"async\" width=\"1024\" height=\"97\" src=\"https:\/\/unitedinaction.eu\/wp-content\/uploads\/2026\/03\/belka-EKS-1024x97.png\" alt=\"\" class=\"wp-image-3545\" srcset=\"https:\/\/unitedinaction.eu\/wp-content\/uploads\/2026\/03\/belka-EKS-1024x97.png 1024w, https:\/\/unitedinaction.eu\/wp-content\/uploads\/2026\/03\/belka-EKS-300x28.png 300w, https:\/\/unitedinaction.eu\/wp-content\/uploads\/2026\/03\/belka-EKS-768x73.png 768w, https:\/\/unitedinaction.eu\/wp-content\/uploads\/2026\/03\/belka-EKS-1536x146.png 1536w, https:\/\/unitedinaction.eu\/wp-content\/uploads\/2026\/03\/belka-EKS-18x2.png 18w, https:\/\/unitedinaction.eu\/wp-content\/uploads\/2026\/03\/belka-EKS.png 1979w\" sizes=\"auto, (max-width: 1024px) 100vw, 1024px\" \/><\/figure>\n\n\n\n<p><\/p>\n","protected":false},"excerpt":{"rendered":"<p>Official email: uia@wsb.edu.pl Aleksandra Zda\u0144ska, MSc Eng. e-mail: azdanska@wsb.edu.pl Adam Go\u0142\u0119biowski, MSc e-mail: agolebiowski@wsb.edu.pl<\/p>\n","protected":false},"author":1,"featured_media":0,"parent":0,"menu_order":0,"comment_status":"closed","ping_status":"closed","template":"","meta":{"footnotes":""},"class_list":["post-3162","page","type-page","status-publish","hentry"],"blocksy_meta":{"page_title_panel":"","has_hero_section":"default","e7051b430ba01e5eec6ad0c583187860":"","hero_section":"type-1","hero_elements":[{"id":"custom_title","enabled":true,"heading_tag":"h1","title":"Home"},{"id":"custom_description","enabled":true,"description_visibility":{"desktop":true,"tablet":true,"mobile":false}},{"id":"custom_meta","enabled":false,"meta_elements":[{"id":"author","enabled":true,"label":"By","has_author_avatar":"yes","avatar_size":25},{"id":"post_date","enabled":true,"label":"On","date_format_source":"default","date_format":"M j, Y"},{"id":"comments","enabled":true}],"page_meta_elements":{"joined":true,"articles_count":true,"comments":true}},{"id":"breadcrumbs","enabled":false}],"7f5851bb794b68042bb93db2d22b8737":"","hero_alignment1":"left","hero_alignment2":"center","hero_vertical_alignment":"center","b550823cd3036ffb86c839c7926bd0eb":"","hero_structure":"narrow","fb781698d03fc8612f8616e24fab813a":"","page_title_bg_type":"featured_image","custom_hero_background":{"attachment_id":null},"parallax":{"desktop":false,"tablet":false,"mobile":false},"460bdca06e0e8f6233bb753ff609b92e":"","hero_height":"230px","pageTitleFont":{"family":"Default","variation":"Default","size":{"desktop":"32px","tablet":"30px","mobile":"25px"},"line-height":"1.3","letter-spacing":"CT_CSS_SKIP_RULE","text-transform":"CT_CSS_SKIP_RULE","text-decoration":"CT_CSS_SKIP_RULE"},"pageTitleFontColor":{"default":{"color":"CT_CSS_SKIP_RULEDEFAULT"}},"pageMetaFont":{"family":"Default","variation":"n6","size":{"desktop":"12px","tablet":"12px","mobile":"12px"},"line-height":"1.3","letter-spacing":"CT_CSS_SKIP_RULE","text-transform":"uppercase","text-decoration":"CT_CSS_SKIP_RULE"},"pageMetaFontColor":{"default":{"color":"CT_CSS_SKIP_RULEDEFAULT"},"hover":{"color":"CT_CSS_SKIP_RULEDEFAULT"}},"pageExcerptFont":{"family":"Default","variation":"n5","size":"CT_CSS_SKIP_RULE","line-height":"CT_CSS_SKIP_RULE","letter-spacing":"CT_CSS_SKIP_RULE","text-transform":"CT_CSS_SKIP_RULE","text-decoration":"CT_CSS_SKIP_RULE"},"pageExcerptColor":{"default":{"color":"CT_CSS_SKIP_RULEDEFAULT"}},"breadcrumbsFont":{"family":"Default","variation":"n6","size":"12px","line-height":"CT_CSS_SKIP_RULE","letter-spacing":"CT_CSS_SKIP_RULE","text-transform":"uppercase","text-decoration":"CT_CSS_SKIP_RULE"},"breadcrumbsFontColor":{"default":{"color":"CT_CSS_SKIP_RULEDEFAULT"},"initial":{"color":"CT_CSS_SKIP_RULEDEFAULT"},"hover":{"color":"CT_CSS_SKIP_RULEDEFAULT"}},"pageTitleOverlay":{"default":{"color":"rgba(41, 51, 60, 0.2)"}},"pageTitleBackground":{"background_type":"color","background_pattern":"type-1","background_image":{"attachment_id":null,"x":0,"y":0},"background_repeat":"no-repeat","background_size":"auto","background_attachment":"scroll","patternColor":{"default":{"color":"#e5e7ea"}},"backgroundColor":{"default":{"color":"#EDEFF2"}}},"03c0feb20c7e1efc05c317b700e50f59":"","page_structure_type":"default","content_style":"inherit","vertical_spacing_source":"custom","content_area_spacing":"bottom","background":{"background_type":"color","background_pattern":"type-1","background_image":{"attachment_id":null,"x":0,"y":0},"background_repeat":"no-repeat","background_size":"auto","background_attachment":"scroll","patternColor":{"default":{"color":"#e5e7ea"}},"backgroundColor":{"default":{"color":"CT_CSS_SKIP_RULE"}}},"content_background":{"background_type":"color","background_pattern":"type-1","background_image":{"attachment_id":null,"x":0,"y":0},"background_repeat":"no-repeat","background_size":"auto","background_attachment":"scroll","patternColor":{"default":{"color":"#e5e7ea"}},"backgroundColor":{"default":{"color":"#ffffff"}}},"content_boxed_spacing":{"desktop":"40px","tablet":"35px","mobile":"20px"},"content_boxed_radius":{"top":"3px","bottom":"3px","left":"3px","right":"3px","linked":true},"content_boxed_shadow":{"blur":18,"spread":-6,"v_offset":12,"h_offset":0,"inset":false,"enable":true,"color":{"color":"rgba(34, 56, 101, 0.04)"}},"7b34bc4a52487138bda5e8bab7c494b1":"","disable_featured_image":"no","disable_header":"no","disable_footer":"no","styles_descriptor":{"styles":{"desktop":"","tablet":"","mobile":""},"google_fonts":[],"version":6}},"yoast_head":"<!-- This site is optimized with the Yoast SEO plugin v27.3 - https:\/\/yoast.com\/product\/yoast-seo-wordpress\/ -->\n<title>Contact - UNITED IN ACTION<\/title>\n<meta name=\"robots\" content=\"index, follow, max-snippet:-1, max-image-preview:large, max-video-preview:-1\" \/>\n<link rel=\"canonical\" href=\"https:\/\/unitedinaction.eu\/en\/contact-us\/\" \/>\n<meta property=\"og:locale\" content=\"en_GB\" \/>\n<meta property=\"og:type\" content=\"article\" \/>\n<meta property=\"og:title\" content=\"Contact - UNITED IN ACTION\" \/>\n<meta property=\"og:description\" content=\"Official email: uia@wsb.edu.pl Aleksandra Zda\u0144ska, MSc Eng. e-mail: azdanska@wsb.edu.pl Adam Go\u0142\u0119biowski, MSc e-mail: agolebiowski@wsb.edu.pl\" \/>\n<meta property=\"og:url\" content=\"https:\/\/unitedinaction.eu\/en\/contact-us\/\" \/>\n<meta property=\"og:site_name\" content=\"UNITED IN ACTION\" \/>\n<meta property=\"article:modified_time\" content=\"2026-03-23T02:27:41+00:00\" \/>\n<meta property=\"og:image\" content=\"https:\/\/unitedinaction.eu\/wp-content\/uploads\/2026\/03\/2-1.png\" \/>\n\t<meta property=\"og:image:width\" content=\"1080\" \/>\n\t<meta property=\"og:image:height\" content=\"1080\" \/>\n\t<meta property=\"og:image:type\" content=\"image\/png\" \/>\n<meta name=\"twitter:card\" content=\"summary_large_image\" \/>\n<meta name=\"twitter:label1\" content=\"Estimated reading time\" \/>\n\t<meta name=\"twitter:data1\" content=\"1 minute\" \/>\n<script type=\"application\/ld+json\" class=\"yoast-schema-graph\">{\"@context\":\"https:\\\/\\\/schema.org\",\"@graph\":[{\"@type\":\"WebPage\",\"@id\":\"https:\\\/\\\/unitedinaction.eu\\\/contact-us\\\/\",\"url\":\"https:\\\/\\\/unitedinaction.eu\\\/contact-us\\\/\",\"name\":\"Contact - UNITED IN ACTION\",\"isPartOf\":{\"@id\":\"https:\\\/\\\/unitedinaction.eu\\\/#website\"},\"primaryImageOfPage\":{\"@id\":\"https:\\\/\\\/unitedinaction.eu\\\/contact-us\\\/#primaryimage\"},\"image\":{\"@id\":\"https:\\\/\\\/unitedinaction.eu\\\/contact-us\\\/#primaryimage\"},\"thumbnailUrl\":\"https:\\\/\\\/unitedinaction.eu\\\/wp-content\\\/uploads\\\/2026\\\/03\\\/2-1-1024x1024.png\",\"datePublished\":\"2020-07-29T10:28:09+00:00\",\"dateModified\":\"2026-03-23T02:27:41+00:00\",\"breadcrumb\":{\"@id\":\"https:\\\/\\\/unitedinaction.eu\\\/contact-us\\\/#breadcrumb\"},\"inLanguage\":\"en-GB\",\"potentialAction\":[{\"@type\":\"ReadAction\",\"target\":[\"https:\\\/\\\/unitedinaction.eu\\\/contact-us\\\/\"]}]},{\"@type\":\"ImageObject\",\"inLanguage\":\"en-GB\",\"@id\":\"https:\\\/\\\/unitedinaction.eu\\\/contact-us\\\/#primaryimage\",\"url\":\"https:\\\/\\\/unitedinaction.eu\\\/wp-content\\\/uploads\\\/2026\\\/03\\\/2-1-1024x1024.png\",\"contentUrl\":\"https:\\\/\\\/unitedinaction.eu\\\/wp-content\\\/uploads\\\/2026\\\/03\\\/2-1-1024x1024.png\"},{\"@type\":\"BreadcrumbList\",\"@id\":\"https:\\\/\\\/unitedinaction.eu\\\/contact-us\\\/#breadcrumb\",\"itemListElement\":[{\"@type\":\"ListItem\",\"position\":1,\"name\":\"Strona g\u0142\u00f3wna\",\"item\":\"https:\\\/\\\/unitedinaction.eu\\\/\"},{\"@type\":\"ListItem\",\"position\":2,\"name\":\"Contact\"}]},{\"@type\":\"WebSite\",\"@id\":\"https:\\\/\\\/unitedinaction.eu\\\/#website\",\"url\":\"https:\\\/\\\/unitedinaction.eu\\\/\",\"name\":\"UNITED IN ACTION\",\"description\":\"\",\"publisher\":{\"@id\":\"https:\\\/\\\/unitedinaction.eu\\\/#organization\"},\"potentialAction\":[{\"@type\":\"SearchAction\",\"target\":{\"@type\":\"EntryPoint\",\"urlTemplate\":\"https:\\\/\\\/unitedinaction.eu\\\/?s={search_term_string}\"},\"query-input\":{\"@type\":\"PropertyValueSpecification\",\"valueRequired\":true,\"valueName\":\"search_term_string\"}}],\"inLanguage\":\"en-GB\"},{\"@type\":\"Organization\",\"@id\":\"https:\\\/\\\/unitedinaction.eu\\\/#organization\",\"name\":\"UNITED IN ACTION\",\"url\":\"https:\\\/\\\/unitedinaction.eu\\\/\",\"logo\":{\"@type\":\"ImageObject\",\"inLanguage\":\"en-GB\",\"@id\":\"https:\\\/\\\/unitedinaction.eu\\\/#\\\/schema\\\/logo\\\/image\\\/\",\"url\":\"https:\\\/\\\/unitedinaction.eu\\\/wp-content\\\/uploads\\\/2026\\\/01\\\/LogoUnitedInAction.png\",\"contentUrl\":\"https:\\\/\\\/unitedinaction.eu\\\/wp-content\\\/uploads\\\/2026\\\/01\\\/LogoUnitedInAction.png\",\"width\":2000,\"height\":800,\"caption\":\"UNITED IN ACTION\"},\"image\":{\"@id\":\"https:\\\/\\\/unitedinaction.eu\\\/#\\\/schema\\\/logo\\\/image\\\/\"}}]}<\/script>\n<!-- \/ Yoast SEO plugin. -->","yoast_head_json":{"title":"Contact - UNITED IN ACTION","robots":{"index":"index","follow":"follow","max-snippet":"max-snippet:-1","max-image-preview":"max-image-preview:large","max-video-preview":"max-video-preview:-1"},"canonical":"https:\/\/unitedinaction.eu\/en\/contact-us\/","og_locale":"en_GB","og_type":"article","og_title":"Contact - UNITED IN ACTION","og_description":"Official email: uia@wsb.edu.pl Aleksandra Zda\u0144ska, MSc Eng. e-mail: azdanska@wsb.edu.pl Adam Go\u0142\u0119biowski, MSc e-mail: agolebiowski@wsb.edu.pl","og_url":"https:\/\/unitedinaction.eu\/en\/contact-us\/","og_site_name":"UNITED IN ACTION","article_modified_time":"2026-03-23T02:27:41+00:00","og_image":[{"width":1080,"height":1080,"url":"https:\/\/unitedinaction.eu\/wp-content\/uploads\/2026\/03\/2-1.png","type":"image\/png"}],"twitter_card":"summary_large_image","twitter_misc":{"Estimated reading time":"1 minute"},"schema":{"@context":"https:\/\/schema.org","@graph":[{"@type":"WebPage","@id":"https:\/\/unitedinaction.eu\/contact-us\/","url":"https:\/\/unitedinaction.eu\/contact-us\/","name":"Contact - UNITED IN ACTION","isPartOf":{"@id":"https:\/\/unitedinaction.eu\/#website"},"primaryImageOfPage":{"@id":"https:\/\/unitedinaction.eu\/contact-us\/#primaryimage"},"image":{"@id":"https:\/\/unitedinaction.eu\/contact-us\/#primaryimage"},"thumbnailUrl":"https:\/\/unitedinaction.eu\/wp-content\/uploads\/2026\/03\/2-1-1024x1024.png","datePublished":"2020-07-29T10:28:09+00:00","dateModified":"2026-03-23T02:27:41+00:00","breadcrumb":{"@id":"https:\/\/unitedinaction.eu\/contact-us\/#breadcrumb"},"inLanguage":"en-GB","potentialAction":[{"@type":"ReadAction","target":["https:\/\/unitedinaction.eu\/contact-us\/"]}]},{"@type":"ImageObject","inLanguage":"en-GB","@id":"https:\/\/unitedinaction.eu\/contact-us\/#primaryimage","url":"https:\/\/unitedinaction.eu\/wp-content\/uploads\/2026\/03\/2-1-1024x1024.png","contentUrl":"https:\/\/unitedinaction.eu\/wp-content\/uploads\/2026\/03\/2-1-1024x1024.png"},{"@type":"BreadcrumbList","@id":"https:\/\/unitedinaction.eu\/contact-us\/#breadcrumb","itemListElement":[{"@type":"ListItem","position":1,"name":"Strona g\u0142\u00f3wna","item":"https:\/\/unitedinaction.eu\/"},{"@type":"ListItem","position":2,"name":"Contact"}]},{"@type":"WebSite","@id":"https:\/\/unitedinaction.eu\/#website","url":"https:\/\/unitedinaction.eu\/","name":"UNITED IN ACTION","description":"","publisher":{"@id":"https:\/\/unitedinaction.eu\/#organization"},"potentialAction":[{"@type":"SearchAction","target":{"@type":"EntryPoint","urlTemplate":"https:\/\/unitedinaction.eu\/?s={search_term_string}"},"query-input":{"@type":"PropertyValueSpecification","valueRequired":true,"valueName":"search_term_string"}}],"inLanguage":"en-GB"},{"@type":"Organization","@id":"https:\/\/unitedinaction.eu\/#organization","name":"UNITED IN ACTION","url":"https:\/\/unitedinaction.eu\/","logo":{"@type":"ImageObject","inLanguage":"en-GB","@id":"https:\/\/unitedinaction.eu\/#\/schema\/logo\/image\/","url":"https:\/\/unitedinaction.eu\/wp-content\/uploads\/2026\/01\/LogoUnitedInAction.png","contentUrl":"https:\/\/unitedinaction.eu\/wp-content\/uploads\/2026\/01\/LogoUnitedInAction.png","width":2000,"height":800,"caption":"UNITED IN ACTION"},"image":{"@id":"https:\/\/unitedinaction.eu\/#\/schema\/logo\/image\/"}}]}},"_hostinger_reach_plugin_has_subscription_block":false,"_hostinger_reach_plugin_is_elementor":false,"_links":{"self":[{"href":"https:\/\/unitedinaction.eu\/en\/wp-json\/wp\/v2\/pages\/3162","targetHints":{"allow":["GET"]}}],"collection":[{"href":"https:\/\/unitedinaction.eu\/en\/wp-json\/wp\/v2\/pages"}],"about":[{"href":"https:\/\/unitedinaction.eu\/en\/wp-json\/wp\/v2\/types\/page"}],"author":[{"embeddable":true,"href":"https:\/\/unitedinaction.eu\/en\/wp-json\/wp\/v2\/users\/1"}],"replies":[{"embeddable":true,"href":"https:\/\/unitedinaction.eu\/en\/wp-json\/wp\/v2\/comments?post=3162"}],"version-history":[{"count":28,"href":"https:\/\/unitedinaction.eu\/en\/wp-json\/wp\/v2\/pages\/3162\/revisions"}],"predecessor-version":[{"id":3684,"href":"https:\/\/unitedinaction.eu\/en\/wp-json\/wp\/v2\/pages\/3162\/revisions\/3684"}],"wp:attachment":[{"href":"https:\/\/unitedinaction.eu\/en\/wp-json\/wp\/v2\/media?parent=3162"}],"curies":[{"name":"wp","href":"https:\/\/api.w.org\/{rel}","templated":true}]}}